{"id":1935653,"date":"2026-03-19T11:15:09","date_gmt":"2026-03-19T10:15:09","guid":{"rendered":"https:\/\/preprod.la-botte.com\/produit\/blazer-linen-look-sand\/"},"modified":"2026-03-19T11:15:09","modified_gmt":"2026-03-19T10:15:09","slug":"blazer-linen-look-sand","status":"publish","type":"product","link":"https:\/\/preprod.la-botte.com\/en\/product\/blazer-linen-look-sand\/","title":{"rendered":"BLAZER LINEN LOOK SAND"},"content":{"rendered":"<table>\n<tbody>\n<tr>\n<th>Material<\/th>\n<td>91% Polyester, 4% Viscose, 4% Linen, 1% Spandex (elastane)<\/td>\n<\/tr>\n<tr>\n<th>Sizing<\/th>\n<td>Our website displays European (EU) sizes<\/td>\n<\/tr>\n<tr>\n<th>Line<\/th>\n<td><i>Fred&#8217;s Art Gallery<\/i>, une collection <i>arty<\/i> qui revisite les plus grands courants artistiques. Impressionnisme, cubisme expressionnisme, pop art, le poisson Fred ajoute sa touche color\u00e9e et d\u00e9cal\u00e9e dans cet hommage aux plus belles \u0153uvres d&#8217;art. L&#8217;id\u00e9al pour r\u00e9veiller l&#8217;artiste qui sommeille en vous !<\/td>\n<\/tr>\n<tr>\n<th>Exclusive detail<\/th>\n<td>Combine this blazer with the matching waistcoat and\/or shirt!<\/td>\n<\/tr>\n<tr>\n<th>Exclusive detail<\/th>\n<td>This shirt is perfect for those who believe life is too short to be boring. A true Fred wants to stand out of the grey mass!<\/td>\n<\/tr>\n<tr>\n<th>Description<\/th>\n<td>Two-button fastening at the front, lapels, decorative button fasteners at the bottom of the sleeves and a double split at the back<\/td>\n<\/tr>\n<tr>\n<th>Description<\/th>\n<td>Features a breast pocket, slit pockets with flap, small slit pocket on the right side and an inside pocket<\/td>\n<\/tr>\n<tr>\n<th>Description<\/th>\n<td>Fashionable single-breasted rounded blazer in woven quality<\/td>\n<\/tr>\n<\/tbody>\n<\/table>\n","protected":false},"excerpt":{"rendered":"<p>Beige cotton A Fish Named Fred blazer<\/p>\n","protected":false},"featured_media":0,"comment_status":"open","ping_status":"closed","template":"","meta":{"_acf_changed":false,"inline_featured_image":false},"pages-promo":[],"selection":[4758,4753,4754,4752],"product_brand":[446],"product_cat":[],"product_tag":[],"class_list":{"0":"post-1935653","1":"product","2":"type-product","3":"status-publish","5":"selection-new","6":"selection-selection_en_new-arrivals","7":"selection-nouveau","8":"selection-selection_fr_nouvelle-collection","9":"product_brand-a-fish-named-fred","10":"pa_coloris-beige","11":"pa_matiere-coton","12":"pa_sexe-homme","13":"pa_style-vestes","14":"pa_taille-5906","15":"pa_taille-5992","16":"pa_taille-6058","17":"pa_taille-6008","18":"pa_taille-5993","19":"pa_taille-5991","20":"pa_taille-5994","22":"first","23":"instock","24":"purchasable","25":"product-type-simple"},"acf":[],"yoast_head":"<!-- This site is optimized with the Yoast SEO plugin v27.3 - https:\/\/yoast.com\/product\/yoast-seo-wordpress\/ -->\n<title>BLAZER LINEN LOOK SAND - La Botte Chantilly<\/title>\n<meta name=\"robots\" content=\"noindex, follow, max-snippet:-1, max-image-preview:large, max-video-preview:-1\" \/>\n<meta property=\"og:locale\" content=\"en_US\" \/>\n<meta property=\"og:type\" content=\"article\" \/>\n<meta property=\"og:title\" content=\"BLAZER LINEN LOOK SAND - La Botte Chantilly\" \/>\n<meta property=\"og:description\" content=\"Beige cotton A Fish Named Fred blazer\" \/>\n<meta property=\"og:url\" content=\"https:\/\/preprod.la-botte.com\/en\/product\/blazer-linen-look-sand\/\" \/>\n<meta property=\"og:site_name\" content=\"La Botte Chantilly\" \/>\n<meta name=\"twitter:card\" content=\"summary_large_image\" \/>\n<meta name=\"twitter:label1\" content=\"Est. reading time\" \/>\n\t<meta name=\"twitter:data1\" content=\"1 minute\" \/>\n<script type=\"application\/ld+json\" class=\"yoast-schema-graph\">{\"@context\":\"https:\\\/\\\/schema.org\",\"@graph\":[{\"@type\":\"WebPage\",\"@id\":\"https:\\\/\\\/preprod.la-botte.com\\\/en\\\/product\\\/blazer-linen-look-sand\\\/\",\"url\":\"https:\\\/\\\/preprod.la-botte.com\\\/en\\\/product\\\/blazer-linen-look-sand\\\/\",\"name\":\"BLAZER LINEN LOOK SAND - La Botte Chantilly\",\"isPartOf\":{\"@id\":\"https:\\\/\\\/preprod.la-botte.com\\\/en\\\/#website\"},\"datePublished\":\"2026-03-19T10:15:09+00:00\",\"breadcrumb\":{\"@id\":\"https:\\\/\\\/preprod.la-botte.com\\\/en\\\/product\\\/blazer-linen-look-sand\\\/#breadcrumb\"},\"inLanguage\":\"en-US\",\"potentialAction\":[{\"@type\":\"ReadAction\",\"target\":[\"https:\\\/\\\/preprod.la-botte.com\\\/en\\\/product\\\/blazer-linen-look-sand\\\/\"]}]},{\"@type\":\"BreadcrumbList\",\"@id\":\"https:\\\/\\\/preprod.la-botte.com\\\/en\\\/product\\\/blazer-linen-look-sand\\\/#breadcrumb\",\"itemListElement\":[{\"@type\":\"ListItem\",\"position\":1,\"name\":\"Home\",\"item\":\"https:\\\/\\\/preprod.la-botte.com\\\/en\\\/\"},{\"@type\":\"ListItem\",\"position\":2,\"name\":\"Shop\",\"item\":\"https:\\\/\\\/preprod.la-botte.com\\\/en\\\/shop\\\/\"},{\"@type\":\"ListItem\",\"position\":3,\"name\":\"A Fish Named Fred\",\"item\":\"https:\\\/\\\/preprod.la-botte.com\\\/en\\\/brand\\\/a-fish-named-fred\\\/\"},{\"@type\":\"ListItem\",\"position\":4,\"name\":\"BLAZER LINEN LOOK SAND\"}]},{\"@type\":\"WebSite\",\"@id\":\"https:\\\/\\\/preprod.la-botte.com\\\/en\\\/#website\",\"url\":\"https:\\\/\\\/preprod.la-botte.com\\\/en\\\/\",\"name\":\"La Botte Chantilly\",\"description\":\"\",\"publisher\":{\"@id\":\"https:\\\/\\\/preprod.la-botte.com\\\/en\\\/#organization\"},\"potentialAction\":[{\"@type\":\"SearchAction\",\"target\":{\"@type\":\"EntryPoint\",\"urlTemplate\":\"https:\\\/\\\/preprod.la-botte.com\\\/en\\\/?s={search_term_string}\"},\"query-input\":{\"@type\":\"PropertyValueSpecification\",\"valueRequired\":true,\"valueName\":\"search_term_string\"}}],\"inLanguage\":\"en-US\"},{\"@type\":\"Organization\",\"@id\":\"https:\\\/\\\/preprod.la-botte.com\\\/en\\\/#organization\",\"name\":\"La Botte Chantilly\",\"url\":\"https:\\\/\\\/preprod.la-botte.com\\\/en\\\/\",\"logo\":{\"@type\":\"ImageObject\",\"inLanguage\":\"en-US\",\"@id\":\"https:\\\/\\\/preprod.la-botte.com\\\/en\\\/#\\\/schema\\\/logo\\\/image\\\/\",\"url\":\"https:\\\/\\\/cdn.promatec.digital\\\/la-botte\\\/wp-content\\\/uploads\\\/2025\\\/02\\\/logo-labotte.png\",\"contentUrl\":\"https:\\\/\\\/cdn.promatec.digital\\\/la-botte\\\/wp-content\\\/uploads\\\/2025\\\/02\\\/logo-labotte.png\",\"width\":600,\"height\":347,\"caption\":\"La Botte Chantilly\"},\"image\":{\"@id\":\"https:\\\/\\\/preprod.la-botte.com\\\/en\\\/#\\\/schema\\\/logo\\\/image\\\/\"}}]}<\/script>\n<!-- \/ Yoast SEO plugin. -->","yoast_head_json":{"title":"BLAZER LINEN LOOK SAND - La Botte Chantilly","robots":{"index":"noindex","follow":"follow","max-snippet":"max-snippet:-1","max-image-preview":"max-image-preview:large","max-video-preview":"max-video-preview:-1"},"og_locale":"en_US","og_type":"article","og_title":"BLAZER LINEN LOOK SAND - La Botte Chantilly","og_description":"Beige cotton A Fish Named Fred blazer","og_url":"https:\/\/preprod.la-botte.com\/en\/product\/blazer-linen-look-sand\/","og_site_name":"La Botte Chantilly","twitter_card":"summary_large_image","twitter_misc":{"Est. reading time":"1 minute"},"schema":{"@context":"https:\/\/schema.org","@graph":[{"@type":"WebPage","@id":"https:\/\/preprod.la-botte.com\/en\/product\/blazer-linen-look-sand\/","url":"https:\/\/preprod.la-botte.com\/en\/product\/blazer-linen-look-sand\/","name":"BLAZER LINEN LOOK SAND - La Botte Chantilly","isPartOf":{"@id":"https:\/\/preprod.la-botte.com\/en\/#website"},"datePublished":"2026-03-19T10:15:09+00:00","breadcrumb":{"@id":"https:\/\/preprod.la-botte.com\/en\/product\/blazer-linen-look-sand\/#breadcrumb"},"inLanguage":"en-US","potentialAction":[{"@type":"ReadAction","target":["https:\/\/preprod.la-botte.com\/en\/product\/blazer-linen-look-sand\/"]}]},{"@type":"BreadcrumbList","@id":"https:\/\/preprod.la-botte.com\/en\/product\/blazer-linen-look-sand\/#breadcrumb","itemListElement":[{"@type":"ListItem","position":1,"name":"Home","item":"https:\/\/preprod.la-botte.com\/en\/"},{"@type":"ListItem","position":2,"name":"Shop","item":"https:\/\/preprod.la-botte.com\/en\/shop\/"},{"@type":"ListItem","position":3,"name":"A Fish Named Fred","item":"https:\/\/preprod.la-botte.com\/en\/brand\/a-fish-named-fred\/"},{"@type":"ListItem","position":4,"name":"BLAZER LINEN LOOK SAND"}]},{"@type":"WebSite","@id":"https:\/\/preprod.la-botte.com\/en\/#website","url":"https:\/\/preprod.la-botte.com\/en\/","name":"La Botte Chantilly","description":"","publisher":{"@id":"https:\/\/preprod.la-botte.com\/en\/#organization"},"potentialAction":[{"@type":"SearchAction","target":{"@type":"EntryPoint","urlTemplate":"https:\/\/preprod.la-botte.com\/en\/?s={search_term_string}"},"query-input":{"@type":"PropertyValueSpecification","valueRequired":true,"valueName":"search_term_string"}}],"inLanguage":"en-US"},{"@type":"Organization","@id":"https:\/\/preprod.la-botte.com\/en\/#organization","name":"La Botte Chantilly","url":"https:\/\/preprod.la-botte.com\/en\/","logo":{"@type":"ImageObject","inLanguage":"en-US","@id":"https:\/\/preprod.la-botte.com\/en\/#\/schema\/logo\/image\/","url":"https:\/\/cdn.promatec.digital\/la-botte\/wp-content\/uploads\/2025\/02\/logo-labotte.png","contentUrl":"https:\/\/cdn.promatec.digital\/la-botte\/wp-content\/uploads\/2025\/02\/logo-labotte.png","width":600,"height":347,"caption":"La Botte Chantilly"},"image":{"@id":"https:\/\/preprod.la-botte.com\/en\/#\/schema\/logo\/image\/"}}]}},"_links":{"self":[{"href":"https:\/\/preprod.la-botte.com\/en\/wp-json\/wp\/v2\/product\/1935653","targetHints":{"allow":["GET"]}}],"collection":[{"href":"https:\/\/preprod.la-botte.com\/en\/wp-json\/wp\/v2\/product"}],"about":[{"href":"https:\/\/preprod.la-botte.com\/en\/wp-json\/wp\/v2\/types\/product"}],"replies":[{"embeddable":true,"href":"https:\/\/preprod.la-botte.com\/en\/wp-json\/wp\/v2\/comments?post=1935653"}],"version-history":[{"count":0,"href":"https:\/\/preprod.la-botte.com\/en\/wp-json\/wp\/v2\/product\/1935653\/revisions"}],"wp:attachment":[{"href":"https:\/\/preprod.la-botte.com\/en\/wp-json\/wp\/v2\/media?parent=1935653"}],"wp:term":[{"taxonomy":"pages-promo","embeddable":true,"href":"https:\/\/preprod.la-botte.com\/en\/wp-json\/wp\/v2\/pages-promo?post=1935653"},{"taxonomy":"selection","embeddable":true,"href":"https:\/\/preprod.la-botte.com\/en\/wp-json\/wp\/v2\/selection?post=1935653"},{"taxonomy":"product_brand","embeddable":true,"href":"https:\/\/preprod.la-botte.com\/en\/wp-json\/wp\/v2\/product_brand?post=1935653"},{"taxonomy":"product_cat","embeddable":true,"href":"https:\/\/preprod.la-botte.com\/en\/wp-json\/wp\/v2\/product_cat?post=1935653"},{"taxonomy":"product_tag","embeddable":true,"href":"https:\/\/preprod.la-botte.com\/en\/wp-json\/wp\/v2\/product_tag?post=1935653"}],"curies":[{"name":"wp","href":"https:\/\/api.w.org\/{rel}","templated":true}]}}