{"id":2278343,"date":"2026-03-26T10:02:07","date_gmt":"2026-03-26T09:02:07","guid":{"rendered":"https:\/\/preprod.la-botte.com\/produit\/tmp-en-2278342\/"},"modified":"2026-04-08T02:23:54","modified_gmt":"2026-04-08T00:23:54","slug":"polo-fabric-dye-burnt-coral","status":"publish","type":"product","link":"https:\/\/preprod.la-botte.com\/en\/product\/polo-fabric-dye-burnt-coral\/","title":{"rendered":"POLO FABRIC DYE BURNT CORAL"},"content":{"rendered":"<table>\n<tbody>\n<tr>\n<th>Material<\/th>\n<td>95% Organic Cotton, 5% Spandex (elastane)<\/td>\n<\/tr>\n<tr>\n<th>Line<\/th>\n<td><i>Fred&#8217;s Art Gallery<\/i>, une collection <i>arty<\/i> qui revisite les plus grands courants artistiques. Impressionnisme, cubisme expressionnisme, pop art, le poisson Fred ajoute sa touche color\u00e9e et d\u00e9cal\u00e9e dans cet hommage aux plus belles \u0153uvres d&#8217;art. L&#8217;id\u00e9al pour r\u00e9veiller l&#8217;artiste qui sommeille en vous !<\/td>\n<\/tr>\n<tr>\n<th>Care<\/th>\n<td>Machine washable 30\u00b0C<\/td>\n<\/tr>\n<tr>\n<th>Exclusive detail<\/th>\n<td>Eco-friendly production<\/td>\n<\/tr>\n<tr>\n<th>Exclusive detail<\/th>\n<td>This shirt is perfect for those who believe life is too short to be boring. A true Fred wants to stand out of the grey mass!<\/td>\n<\/tr>\n<\/tbody>\n<\/table>\n","protected":false},"excerpt":{"rendered":"<p>Red cotton A Fish Named Fred polo shirt<\/p>\n","protected":false},"featured_media":2688166,"comment_status":"open","ping_status":"closed","template":"","meta":{"_acf_changed":false,"inline_featured_image":false},"pages-promo":[],"selection":[4768,4765,4811,4812,4810,4758,4753,4754,4752,4809],"product_brand":[446],"product_cat":[6442],"product_tag":[],"class_list":{"0":"post-2278343","1":"product","2":"type-product","3":"status-publish","4":"has-post-thumbnail","6":"selection-selection_en_eco-friendly-materials","7":"selection-fr_fabrication-eco-responsable","8":"selection-fr_fabrique-avec-des-matieres-biologiques","9":"selection-en_made-with-organic-materials","10":"selection-selection_fr_matieres-biologiques","11":"selection-new","12":"selection-selection_en_new-arrivals","13":"selection-nouveau","14":"selection-selection_fr_nouvelle-collection","15":"selection-selection_en_organic-materials","16":"product_brand-a-fish-named-fred","17":"product_cat-vetements-homme-accessoires","18":"pa_coloris-rouge","19":"pa_matiere-coton","20":"pa_sexe-homme","21":"pa_style-polos","22":"pa_taille-3xl","23":"pa_taille-l","24":"pa_taille-m","25":"pa_taille-s","26":"pa_taille-xl","27":"pa_taille-xxl","29":"first","30":"instock","31":"taxable","32":"shipping-taxable","33":"purchasable","34":"product-type-variable"},"acf":[],"yoast_head":"<!-- This site is optimized with the Yoast SEO plugin v27.4 - https:\/\/yoast.com\/product\/yoast-seo-wordpress\/ -->\n<title>POLO FABRIC DYE BURNT CORAL - La Botte Chantilly<\/title>\n<meta name=\"robots\" content=\"noindex, follow, max-snippet:-1, max-image-preview:large, max-video-preview:-1\" \/>\n<meta property=\"og:locale\" content=\"en_US\" \/>\n<meta property=\"og:type\" content=\"article\" \/>\n<meta property=\"og:title\" content=\"POLO FABRIC DYE BURNT CORAL - La Botte Chantilly\" \/>\n<meta property=\"og:description\" content=\"Red cotton A Fish Named Fred polo shirt\" \/>\n<meta property=\"og:url\" content=\"https:\/\/preprod.la-botte.com\/en\/product\/polo-fabric-dye-burnt-coral\/\" \/>\n<meta property=\"og:site_name\" content=\"La Botte Chantilly\" \/>\n<meta property=\"article:modified_time\" content=\"2026-04-08T00:23:54+00:00\" \/>\n<meta name=\"twitter:card\" content=\"summary_large_image\" \/>\n<script type=\"application\/ld+json\" class=\"yoast-schema-graph\">{\"@context\":\"https:\\\/\\\/schema.org\",\"@graph\":[{\"@type\":\"WebPage\",\"@id\":\"https:\\\/\\\/preprod.la-botte.com\\\/en\\\/product\\\/polo-fabric-dye-burnt-coral\\\/\",\"url\":\"https:\\\/\\\/preprod.la-botte.com\\\/en\\\/product\\\/polo-fabric-dye-burnt-coral\\\/\",\"name\":\"POLO FABRIC DYE BURNT CORAL - La Botte Chantilly\",\"isPartOf\":{\"@id\":\"https:\\\/\\\/preprod.la-botte.com\\\/en\\\/#website\"},\"primaryImageOfPage\":{\"@id\":\"https:\\\/\\\/preprod.la-botte.com\\\/en\\\/product\\\/polo-fabric-dye-burnt-coral\\\/#primaryimage\"},\"image\":{\"@id\":\"https:\\\/\\\/preprod.la-botte.com\\\/en\\\/product\\\/polo-fabric-dye-burnt-coral\\\/#primaryimage\"},\"thumbnailUrl\":\"https:\\\/\\\/preprod.la-botte.com\\\/wp-content\\\/uploads\\\/2026\\\/04\\\/312559_BD.jpg\",\"datePublished\":\"2026-03-26T09:02:07+00:00\",\"dateModified\":\"2026-04-08T00:23:54+00:00\",\"breadcrumb\":{\"@id\":\"https:\\\/\\\/preprod.la-botte.com\\\/en\\\/product\\\/polo-fabric-dye-burnt-coral\\\/#breadcrumb\"},\"inLanguage\":\"en-US\",\"potentialAction\":[{\"@type\":\"ReadAction\",\"target\":[\"https:\\\/\\\/preprod.la-botte.com\\\/en\\\/product\\\/polo-fabric-dye-burnt-coral\\\/\"]}]},{\"@type\":\"ImageObject\",\"inLanguage\":\"en-US\",\"@id\":\"https:\\\/\\\/preprod.la-botte.com\\\/en\\\/product\\\/polo-fabric-dye-burnt-coral\\\/#primaryimage\",\"url\":\"https:\\\/\\\/preprod.la-botte.com\\\/wp-content\\\/uploads\\\/2026\\\/04\\\/312559_BD.jpg\",\"contentUrl\":\"https:\\\/\\\/preprod.la-botte.com\\\/wp-content\\\/uploads\\\/2026\\\/04\\\/312559_BD.jpg\"},{\"@type\":\"BreadcrumbList\",\"@id\":\"https:\\\/\\\/preprod.la-botte.com\\\/en\\\/product\\\/polo-fabric-dye-burnt-coral\\\/#breadcrumb\",\"itemListElement\":[{\"@type\":\"ListItem\",\"position\":1,\"name\":\"Home\",\"item\":\"https:\\\/\\\/preprod.la-botte.com\\\/en\\\/\"},{\"@type\":\"ListItem\",\"position\":2,\"name\":\"Shop\",\"item\":\"https:\\\/\\\/preprod.la-botte.com\\\/en\\\/shop\\\/\"},{\"@type\":\"ListItem\",\"position\":3,\"name\":\"A Fish Named Fred\",\"item\":\"https:\\\/\\\/preprod.la-botte.com\\\/en\\\/brand\\\/a-fish-named-fred\\\/\"},{\"@type\":\"ListItem\",\"position\":4,\"name\":\"POLO FABRIC DYE BURNT CORAL\"}]},{\"@type\":\"WebSite\",\"@id\":\"https:\\\/\\\/preprod.la-botte.com\\\/en\\\/#website\",\"url\":\"https:\\\/\\\/preprod.la-botte.com\\\/en\\\/\",\"name\":\"La Botte Chantilly\",\"description\":\"\",\"publisher\":{\"@id\":\"https:\\\/\\\/preprod.la-botte.com\\\/en\\\/#organization\"},\"potentialAction\":[{\"@type\":\"SearchAction\",\"target\":{\"@type\":\"EntryPoint\",\"urlTemplate\":\"https:\\\/\\\/preprod.la-botte.com\\\/en\\\/?s={search_term_string}\"},\"query-input\":{\"@type\":\"PropertyValueSpecification\",\"valueRequired\":true,\"valueName\":\"search_term_string\"}}],\"inLanguage\":\"en-US\"},{\"@type\":\"Organization\",\"@id\":\"https:\\\/\\\/preprod.la-botte.com\\\/en\\\/#organization\",\"name\":\"La Botte Chantilly\",\"url\":\"https:\\\/\\\/preprod.la-botte.com\\\/en\\\/\",\"logo\":{\"@type\":\"ImageObject\",\"inLanguage\":\"en-US\",\"@id\":\"https:\\\/\\\/preprod.la-botte.com\\\/en\\\/#\\\/schema\\\/logo\\\/image\\\/\",\"url\":\"https:\\\/\\\/cdn.promatec.digital\\\/la-botte\\\/wp-content\\\/uploads\\\/2025\\\/02\\\/logo-labotte.png\",\"contentUrl\":\"https:\\\/\\\/cdn.promatec.digital\\\/la-botte\\\/wp-content\\\/uploads\\\/2025\\\/02\\\/logo-labotte.png\",\"width\":600,\"height\":347,\"caption\":\"La Botte Chantilly\"},\"image\":{\"@id\":\"https:\\\/\\\/preprod.la-botte.com\\\/en\\\/#\\\/schema\\\/logo\\\/image\\\/\"}}]}<\/script>\n<!-- \/ Yoast SEO plugin. -->","yoast_head_json":{"title":"POLO FABRIC DYE BURNT CORAL - La Botte Chantilly","robots":{"index":"noindex","follow":"follow","max-snippet":"max-snippet:-1","max-image-preview":"max-image-preview:large","max-video-preview":"max-video-preview:-1"},"og_locale":"en_US","og_type":"article","og_title":"POLO FABRIC DYE BURNT CORAL - La Botte Chantilly","og_description":"Red cotton A Fish Named Fred polo shirt","og_url":"https:\/\/preprod.la-botte.com\/en\/product\/polo-fabric-dye-burnt-coral\/","og_site_name":"La Botte Chantilly","article_modified_time":"2026-04-08T00:23:54+00:00","twitter_card":"summary_large_image","schema":{"@context":"https:\/\/schema.org","@graph":[{"@type":"WebPage","@id":"https:\/\/preprod.la-botte.com\/en\/product\/polo-fabric-dye-burnt-coral\/","url":"https:\/\/preprod.la-botte.com\/en\/product\/polo-fabric-dye-burnt-coral\/","name":"POLO FABRIC DYE BURNT CORAL - La Botte Chantilly","isPartOf":{"@id":"https:\/\/preprod.la-botte.com\/en\/#website"},"primaryImageOfPage":{"@id":"https:\/\/preprod.la-botte.com\/en\/product\/polo-fabric-dye-burnt-coral\/#primaryimage"},"image":{"@id":"https:\/\/preprod.la-botte.com\/en\/product\/polo-fabric-dye-burnt-coral\/#primaryimage"},"thumbnailUrl":"https:\/\/preprod.la-botte.com\/wp-content\/uploads\/2026\/04\/312559_BD.jpg","datePublished":"2026-03-26T09:02:07+00:00","dateModified":"2026-04-08T00:23:54+00:00","breadcrumb":{"@id":"https:\/\/preprod.la-botte.com\/en\/product\/polo-fabric-dye-burnt-coral\/#breadcrumb"},"inLanguage":"en-US","potentialAction":[{"@type":"ReadAction","target":["https:\/\/preprod.la-botte.com\/en\/product\/polo-fabric-dye-burnt-coral\/"]}]},{"@type":"ImageObject","inLanguage":"en-US","@id":"https:\/\/preprod.la-botte.com\/en\/product\/polo-fabric-dye-burnt-coral\/#primaryimage","url":"https:\/\/preprod.la-botte.com\/wp-content\/uploads\/2026\/04\/312559_BD.jpg","contentUrl":"https:\/\/preprod.la-botte.com\/wp-content\/uploads\/2026\/04\/312559_BD.jpg"},{"@type":"BreadcrumbList","@id":"https:\/\/preprod.la-botte.com\/en\/product\/polo-fabric-dye-burnt-coral\/#breadcrumb","itemListElement":[{"@type":"ListItem","position":1,"name":"Home","item":"https:\/\/preprod.la-botte.com\/en\/"},{"@type":"ListItem","position":2,"name":"Shop","item":"https:\/\/preprod.la-botte.com\/en\/shop\/"},{"@type":"ListItem","position":3,"name":"A Fish Named Fred","item":"https:\/\/preprod.la-botte.com\/en\/brand\/a-fish-named-fred\/"},{"@type":"ListItem","position":4,"name":"POLO FABRIC DYE BURNT CORAL"}]},{"@type":"WebSite","@id":"https:\/\/preprod.la-botte.com\/en\/#website","url":"https:\/\/preprod.la-botte.com\/en\/","name":"La Botte Chantilly","description":"","publisher":{"@id":"https:\/\/preprod.la-botte.com\/en\/#organization"},"potentialAction":[{"@type":"SearchAction","target":{"@type":"EntryPoint","urlTemplate":"https:\/\/preprod.la-botte.com\/en\/?s={search_term_string}"},"query-input":{"@type":"PropertyValueSpecification","valueRequired":true,"valueName":"search_term_string"}}],"inLanguage":"en-US"},{"@type":"Organization","@id":"https:\/\/preprod.la-botte.com\/en\/#organization","name":"La Botte Chantilly","url":"https:\/\/preprod.la-botte.com\/en\/","logo":{"@type":"ImageObject","inLanguage":"en-US","@id":"https:\/\/preprod.la-botte.com\/en\/#\/schema\/logo\/image\/","url":"https:\/\/cdn.promatec.digital\/la-botte\/wp-content\/uploads\/2025\/02\/logo-labotte.png","contentUrl":"https:\/\/cdn.promatec.digital\/la-botte\/wp-content\/uploads\/2025\/02\/logo-labotte.png","width":600,"height":347,"caption":"La Botte Chantilly"},"image":{"@id":"https:\/\/preprod.la-botte.com\/en\/#\/schema\/logo\/image\/"}}]}},"_links":{"self":[{"href":"https:\/\/preprod.la-botte.com\/en\/wp-json\/wp\/v2\/product\/2278343","targetHints":{"allow":["GET"]}}],"collection":[{"href":"https:\/\/preprod.la-botte.com\/en\/wp-json\/wp\/v2\/product"}],"about":[{"href":"https:\/\/preprod.la-botte.com\/en\/wp-json\/wp\/v2\/types\/product"}],"replies":[{"embeddable":true,"href":"https:\/\/preprod.la-botte.com\/en\/wp-json\/wp\/v2\/comments?post=2278343"}],"version-history":[{"count":1,"href":"https:\/\/preprod.la-botte.com\/en\/wp-json\/wp\/v2\/product\/2278343\/revisions"}],"predecessor-version":[{"id":2471394,"href":"https:\/\/preprod.la-botte.com\/en\/wp-json\/wp\/v2\/product\/2278343\/revisions\/2471394"}],"wp:featuredmedia":[{"embeddable":true,"href":"https:\/\/preprod.la-botte.com\/en\/wp-json\/wp\/v2\/media\/2688166"}],"wp:attachment":[{"href":"https:\/\/preprod.la-botte.com\/en\/wp-json\/wp\/v2\/media?parent=2278343"}],"wp:term":[{"taxonomy":"pages-promo","embeddable":true,"href":"https:\/\/preprod.la-botte.com\/en\/wp-json\/wp\/v2\/pages-promo?post=2278343"},{"taxonomy":"selection","embeddable":true,"href":"https:\/\/preprod.la-botte.com\/en\/wp-json\/wp\/v2\/selection?post=2278343"},{"taxonomy":"product_brand","embeddable":true,"href":"https:\/\/preprod.la-botte.com\/en\/wp-json\/wp\/v2\/product_brand?post=2278343"},{"taxonomy":"product_cat","embeddable":true,"href":"https:\/\/preprod.la-botte.com\/en\/wp-json\/wp\/v2\/product_cat?post=2278343"},{"taxonomy":"product_tag","embeddable":true,"href":"https:\/\/preprod.la-botte.com\/en\/wp-json\/wp\/v2\/product_tag?post=2278343"}],"curies":[{"name":"wp","href":"https:\/\/api.w.org\/{rel}","templated":true}]}}