{"id":2340276,"date":"2026-03-28T04:48:19","date_gmt":"2026-03-28T03:48:19","guid":{"rendered":"https:\/\/preprod.la-botte.com\/produit\/tmp-en-2340275\/"},"modified":"2026-03-28T04:48:19","modified_gmt":"2026-03-28T03:48:19","slug":"cleyhill-boat-navy-combi-3","status":"publish","type":"product","link":"https:\/\/preprod.la-botte.com\/en\/product\/cleyhill-boat-navy-combi-3\/","title":{"rendered":"CLEYHILL BOAT NAVY COMBI"},"content":{"rendered":"<table>\n<tbody>\n<tr>\n<th>Sizing<\/th>\n<td>Standard fit, we advise you to choose your usual fit<\/td>\n<\/tr>\n<tr>\n<th>Upper<\/th>\n<td>Suede<\/td>\n<\/tr>\n<tr>\n<th>Lining and insole<\/th>\n<td>Leather<\/td>\n<\/tr>\n<tr>\n<th>Sole<\/th>\n<td>EVA<\/td>\n<\/tr>\n<tr>\n<th>Technology<\/th>\n<td><i>Contour cushion<\/i>, une semelle int\u00e9rieure amovible tr\u00e8s bien pens\u00e9e, qui absorbe les chocs de vos pas et stabilise votre foul\u00e9e, pour garantir une marche sans fatigue !<\/td>\n<\/tr>\n<\/tbody>\n<\/table>\n","protected":false},"excerpt":{"rendered":"<p>Blue suede Clarks boat shoes<\/p>\n","protected":false},"featured_media":662037,"comment_status":"open","ping_status":"closed","template":"","meta":{"_acf_changed":false,"inline_featured_image":false},"pages-promo":[],"selection":[4792,4753,4754,4752,4791],"product_brand":[533],"product_cat":[4509],"product_tag":[],"class_list":{"0":"post-2340276","1":"product","2":"type-product","3":"status-publish","4":"has-post-thumbnail","6":"selection-selection_en_lightweight","7":"selection-selection_en_new-arrivals","8":"selection-nouveau","9":"selection-selection_fr_nouvelle-collection","10":"selection-selection_fr_ultra-leger","11":"product_brand-clarks","12":"product_cat-chaussures","13":"pa_coloris-bleu","14":"pa_matiere-daim-nubuck","15":"pa_sexe-homme","16":"pa_style-chaussures-bateau","17":"pa_taille-5861","18":"pa_taille-10-5","19":"pa_taille-5947","20":"pa_taille-5855","21":"pa_taille-6-5","22":"pa_taille-5857","23":"pa_taille-7-5","24":"pa_taille-5860","25":"pa_taille-8-5","26":"pa_taille-5949","27":"pa_taille-9-5","29":"first","30":"instock","31":"taxable","32":"shipping-taxable","33":"purchasable","34":"product-type-variable"},"acf":[],"yoast_head":"<!-- This site is optimized with the Yoast SEO plugin v27.3 - https:\/\/yoast.com\/product\/yoast-seo-wordpress\/ -->\n<title>CLEYHILL BOAT NAVY COMBI - La Botte Chantilly<\/title>\n<meta name=\"robots\" content=\"noindex, follow, max-snippet:-1, max-image-preview:large, max-video-preview:-1\" \/>\n<meta property=\"og:locale\" content=\"en_US\" \/>\n<meta property=\"og:type\" content=\"article\" \/>\n<meta property=\"og:title\" content=\"CLEYHILL BOAT NAVY COMBI - La Botte Chantilly\" \/>\n<meta property=\"og:description\" content=\"Blue suede Clarks boat shoes\" \/>\n<meta property=\"og:url\" content=\"https:\/\/preprod.la-botte.com\/en\/product\/cleyhill-boat-navy-combi-3\/\" \/>\n<meta property=\"og:site_name\" content=\"La Botte Chantilly\" \/>\n<meta property=\"og:image\" content=\"https:\/\/preprod.la-botte.com\/wp-content\/uploads\/wpallimport\/files\/photos\/306\/306243_BD.jpg\" \/>\n\t<meta property=\"og:image:width\" content=\"1\" \/>\n\t<meta property=\"og:image:height\" content=\"1\" \/>\n\t<meta property=\"og:image:type\" content=\"image\/jpeg\" \/>\n<meta name=\"twitter:card\" content=\"summary_large_image\" \/>\n<script type=\"application\/ld+json\" class=\"yoast-schema-graph\">{\"@context\":\"https:\\\/\\\/schema.org\",\"@graph\":[{\"@type\":\"WebPage\",\"@id\":\"https:\\\/\\\/preprod.la-botte.com\\\/en\\\/product\\\/cleyhill-boat-navy-combi-3\\\/\",\"url\":\"https:\\\/\\\/preprod.la-botte.com\\\/en\\\/product\\\/cleyhill-boat-navy-combi-3\\\/\",\"name\":\"CLEYHILL BOAT NAVY COMBI - La Botte Chantilly\",\"isPartOf\":{\"@id\":\"https:\\\/\\\/preprod.la-botte.com\\\/en\\\/#website\"},\"primaryImageOfPage\":{\"@id\":\"https:\\\/\\\/preprod.la-botte.com\\\/en\\\/product\\\/cleyhill-boat-navy-combi-3\\\/#primaryimage\"},\"image\":{\"@id\":\"https:\\\/\\\/preprod.la-botte.com\\\/en\\\/product\\\/cleyhill-boat-navy-combi-3\\\/#primaryimage\"},\"thumbnailUrl\":\"https:\\\/\\\/preprod.la-botte.com\\\/wp-content\\\/uploads\\\/wpallimport\\\/files\\\/photos\\\/306\\\/306243_BD.jpg\",\"datePublished\":\"2026-03-28T03:48:19+00:00\",\"breadcrumb\":{\"@id\":\"https:\\\/\\\/preprod.la-botte.com\\\/en\\\/product\\\/cleyhill-boat-navy-combi-3\\\/#breadcrumb\"},\"inLanguage\":\"en-US\",\"potentialAction\":[{\"@type\":\"ReadAction\",\"target\":[\"https:\\\/\\\/preprod.la-botte.com\\\/en\\\/product\\\/cleyhill-boat-navy-combi-3\\\/\"]}]},{\"@type\":\"ImageObject\",\"inLanguage\":\"en-US\",\"@id\":\"https:\\\/\\\/preprod.la-botte.com\\\/en\\\/product\\\/cleyhill-boat-navy-combi-3\\\/#primaryimage\",\"url\":\"https:\\\/\\\/preprod.la-botte.com\\\/wp-content\\\/uploads\\\/wpallimport\\\/files\\\/photos\\\/306\\\/306243_BD.jpg\",\"contentUrl\":\"https:\\\/\\\/preprod.la-botte.com\\\/wp-content\\\/uploads\\\/wpallimport\\\/files\\\/photos\\\/306\\\/306243_BD.jpg\"},{\"@type\":\"BreadcrumbList\",\"@id\":\"https:\\\/\\\/preprod.la-botte.com\\\/en\\\/product\\\/cleyhill-boat-navy-combi-3\\\/#breadcrumb\",\"itemListElement\":[{\"@type\":\"ListItem\",\"position\":1,\"name\":\"Home\",\"item\":\"https:\\\/\\\/preprod.la-botte.com\\\/en\\\/\"},{\"@type\":\"ListItem\",\"position\":2,\"name\":\"Shop\",\"item\":\"https:\\\/\\\/preprod.la-botte.com\\\/en\\\/shop\\\/\"},{\"@type\":\"ListItem\",\"position\":3,\"name\":\"Clarks\",\"item\":\"https:\\\/\\\/preprod.la-botte.com\\\/en\\\/brand\\\/clarks\\\/\"},{\"@type\":\"ListItem\",\"position\":4,\"name\":\"CLEYHILL BOAT NAVY COMBI\"}]},{\"@type\":\"WebSite\",\"@id\":\"https:\\\/\\\/preprod.la-botte.com\\\/en\\\/#website\",\"url\":\"https:\\\/\\\/preprod.la-botte.com\\\/en\\\/\",\"name\":\"La Botte Chantilly\",\"description\":\"\",\"publisher\":{\"@id\":\"https:\\\/\\\/preprod.la-botte.com\\\/en\\\/#organization\"},\"potentialAction\":[{\"@type\":\"SearchAction\",\"target\":{\"@type\":\"EntryPoint\",\"urlTemplate\":\"https:\\\/\\\/preprod.la-botte.com\\\/en\\\/?s={search_term_string}\"},\"query-input\":{\"@type\":\"PropertyValueSpecification\",\"valueRequired\":true,\"valueName\":\"search_term_string\"}}],\"inLanguage\":\"en-US\"},{\"@type\":\"Organization\",\"@id\":\"https:\\\/\\\/preprod.la-botte.com\\\/en\\\/#organization\",\"name\":\"La Botte Chantilly\",\"url\":\"https:\\\/\\\/preprod.la-botte.com\\\/en\\\/\",\"logo\":{\"@type\":\"ImageObject\",\"inLanguage\":\"en-US\",\"@id\":\"https:\\\/\\\/preprod.la-botte.com\\\/en\\\/#\\\/schema\\\/logo\\\/image\\\/\",\"url\":\"https:\\\/\\\/cdn.promatec.digital\\\/la-botte\\\/wp-content\\\/uploads\\\/2025\\\/02\\\/logo-labotte.png\",\"contentUrl\":\"https:\\\/\\\/cdn.promatec.digital\\\/la-botte\\\/wp-content\\\/uploads\\\/2025\\\/02\\\/logo-labotte.png\",\"width\":600,\"height\":347,\"caption\":\"La Botte Chantilly\"},\"image\":{\"@id\":\"https:\\\/\\\/preprod.la-botte.com\\\/en\\\/#\\\/schema\\\/logo\\\/image\\\/\"}}]}<\/script>\n<!-- \/ Yoast SEO plugin. -->","yoast_head_json":{"title":"CLEYHILL BOAT NAVY COMBI - La Botte Chantilly","robots":{"index":"noindex","follow":"follow","max-snippet":"max-snippet:-1","max-image-preview":"max-image-preview:large","max-video-preview":"max-video-preview:-1"},"og_locale":"en_US","og_type":"article","og_title":"CLEYHILL BOAT NAVY COMBI - La Botte Chantilly","og_description":"Blue suede Clarks boat shoes","og_url":"https:\/\/preprod.la-botte.com\/en\/product\/cleyhill-boat-navy-combi-3\/","og_site_name":"La Botte Chantilly","og_image":[{"url":"https:\/\/preprod.la-botte.com\/wp-content\/uploads\/wpallimport\/files\/photos\/306\/306243_BD.jpg","width":1,"height":1,"type":"image\/jpeg"}],"twitter_card":"summary_large_image","schema":{"@context":"https:\/\/schema.org","@graph":[{"@type":"WebPage","@id":"https:\/\/preprod.la-botte.com\/en\/product\/cleyhill-boat-navy-combi-3\/","url":"https:\/\/preprod.la-botte.com\/en\/product\/cleyhill-boat-navy-combi-3\/","name":"CLEYHILL BOAT NAVY COMBI - La Botte Chantilly","isPartOf":{"@id":"https:\/\/preprod.la-botte.com\/en\/#website"},"primaryImageOfPage":{"@id":"https:\/\/preprod.la-botte.com\/en\/product\/cleyhill-boat-navy-combi-3\/#primaryimage"},"image":{"@id":"https:\/\/preprod.la-botte.com\/en\/product\/cleyhill-boat-navy-combi-3\/#primaryimage"},"thumbnailUrl":"https:\/\/preprod.la-botte.com\/wp-content\/uploads\/wpallimport\/files\/photos\/306\/306243_BD.jpg","datePublished":"2026-03-28T03:48:19+00:00","breadcrumb":{"@id":"https:\/\/preprod.la-botte.com\/en\/product\/cleyhill-boat-navy-combi-3\/#breadcrumb"},"inLanguage":"en-US","potentialAction":[{"@type":"ReadAction","target":["https:\/\/preprod.la-botte.com\/en\/product\/cleyhill-boat-navy-combi-3\/"]}]},{"@type":"ImageObject","inLanguage":"en-US","@id":"https:\/\/preprod.la-botte.com\/en\/product\/cleyhill-boat-navy-combi-3\/#primaryimage","url":"https:\/\/preprod.la-botte.com\/wp-content\/uploads\/wpallimport\/files\/photos\/306\/306243_BD.jpg","contentUrl":"https:\/\/preprod.la-botte.com\/wp-content\/uploads\/wpallimport\/files\/photos\/306\/306243_BD.jpg"},{"@type":"BreadcrumbList","@id":"https:\/\/preprod.la-botte.com\/en\/product\/cleyhill-boat-navy-combi-3\/#breadcrumb","itemListElement":[{"@type":"ListItem","position":1,"name":"Home","item":"https:\/\/preprod.la-botte.com\/en\/"},{"@type":"ListItem","position":2,"name":"Shop","item":"https:\/\/preprod.la-botte.com\/en\/shop\/"},{"@type":"ListItem","position":3,"name":"Clarks","item":"https:\/\/preprod.la-botte.com\/en\/brand\/clarks\/"},{"@type":"ListItem","position":4,"name":"CLEYHILL BOAT NAVY COMBI"}]},{"@type":"WebSite","@id":"https:\/\/preprod.la-botte.com\/en\/#website","url":"https:\/\/preprod.la-botte.com\/en\/","name":"La Botte Chantilly","description":"","publisher":{"@id":"https:\/\/preprod.la-botte.com\/en\/#organization"},"potentialAction":[{"@type":"SearchAction","target":{"@type":"EntryPoint","urlTemplate":"https:\/\/preprod.la-botte.com\/en\/?s={search_term_string}"},"query-input":{"@type":"PropertyValueSpecification","valueRequired":true,"valueName":"search_term_string"}}],"inLanguage":"en-US"},{"@type":"Organization","@id":"https:\/\/preprod.la-botte.com\/en\/#organization","name":"La Botte Chantilly","url":"https:\/\/preprod.la-botte.com\/en\/","logo":{"@type":"ImageObject","inLanguage":"en-US","@id":"https:\/\/preprod.la-botte.com\/en\/#\/schema\/logo\/image\/","url":"https:\/\/cdn.promatec.digital\/la-botte\/wp-content\/uploads\/2025\/02\/logo-labotte.png","contentUrl":"https:\/\/cdn.promatec.digital\/la-botte\/wp-content\/uploads\/2025\/02\/logo-labotte.png","width":600,"height":347,"caption":"La Botte Chantilly"},"image":{"@id":"https:\/\/preprod.la-botte.com\/en\/#\/schema\/logo\/image\/"}}]}},"_links":{"self":[{"href":"https:\/\/preprod.la-botte.com\/en\/wp-json\/wp\/v2\/product\/2340276","targetHints":{"allow":["GET"]}}],"collection":[{"href":"https:\/\/preprod.la-botte.com\/en\/wp-json\/wp\/v2\/product"}],"about":[{"href":"https:\/\/preprod.la-botte.com\/en\/wp-json\/wp\/v2\/types\/product"}],"replies":[{"embeddable":true,"href":"https:\/\/preprod.la-botte.com\/en\/wp-json\/wp\/v2\/comments?post=2340276"}],"version-history":[{"count":0,"href":"https:\/\/preprod.la-botte.com\/en\/wp-json\/wp\/v2\/product\/2340276\/revisions"}],"wp:featuredmedia":[{"embeddable":true,"href":"https:\/\/preprod.la-botte.com\/en\/wp-json\/wp\/v2\/media\/662037"}],"wp:attachment":[{"href":"https:\/\/preprod.la-botte.com\/en\/wp-json\/wp\/v2\/media?parent=2340276"}],"wp:term":[{"taxonomy":"pages-promo","embeddable":true,"href":"https:\/\/preprod.la-botte.com\/en\/wp-json\/wp\/v2\/pages-promo?post=2340276"},{"taxonomy":"selection","embeddable":true,"href":"https:\/\/preprod.la-botte.com\/en\/wp-json\/wp\/v2\/selection?post=2340276"},{"taxonomy":"product_brand","embeddable":true,"href":"https:\/\/preprod.la-botte.com\/en\/wp-json\/wp\/v2\/product_brand?post=2340276"},{"taxonomy":"product_cat","embeddable":true,"href":"https:\/\/preprod.la-botte.com\/en\/wp-json\/wp\/v2\/product_cat?post=2340276"},{"taxonomy":"product_tag","embeddable":true,"href":"https:\/\/preprod.la-botte.com\/en\/wp-json\/wp\/v2\/product_tag?post=2340276"}],"curies":[{"name":"wp","href":"https:\/\/api.w.org\/{rel}","templated":true}]}}