{"id":2381347,"date":"2026-03-30T09:01:09","date_gmt":"2026-03-30T07:01:09","guid":{"rendered":"https:\/\/preprod.la-botte.com\/produit\/tmp-en-2381346\/"},"modified":"2026-03-30T09:01:09","modified_gmt":"2026-03-30T07:01:09","slug":"torhill-jane-light-pink-suede-2","status":"publish","type":"product","link":"https:\/\/preprod.la-botte.com\/en\/product\/torhill-jane-light-pink-suede-2\/","title":{"rendered":"TORHILL JANE LIGHT PINK SUEDE"},"content":{"rendered":"<table>\n<tbody>\n<tr>\n<th>Sizing<\/th>\n<td>Standard fit, we advise you to choose your usual fit<\/td>\n<\/tr>\n<tr>\n<th>Heel height<\/th>\n<td>4 cm &#8211; 1.6 inch<\/td>\n<\/tr>\n<tr>\n<th>Upper<\/th>\n<td>Suede<\/td>\n<\/tr>\n<tr>\n<th>Lining and insole<\/th>\n<td>Leather+Textile<\/td>\n<\/tr>\n<tr>\n<th>Sole<\/th>\n<td>Rubber<\/td>\n<\/tr>\n<tr>\n<th>Technology<\/th>\n<td><i>Contour cushion<\/i>, une semelle int\u00e9rieure amovible tr\u00e8s bien pens\u00e9e, qui absorbe les chocs de vos pas et stabilise votre foul\u00e9e, pour garantir une marche sans fatigue !<\/td>\n<\/tr>\n<tr>\n<th>Exclusive detail<\/th>\n<td>Padded heel collar for added comfort<\/td>\n<\/tr>\n<\/tbody>\n<\/table>\n","protected":false},"excerpt":{"rendered":"<p>Pink suede Clarks ballet pumps<\/p>\n","protected":false},"featured_media":1216382,"comment_status":"open","ping_status":"closed","template":"","meta":{"_acf_changed":false,"inline_featured_image":false},"pages-promo":[],"selection":[4753,4754,4752],"product_brand":[533],"product_cat":[6416,6409],"product_tag":[6285],"class_list":{"0":"post-2381347","1":"product","2":"type-product","3":"status-publish","4":"has-post-thumbnail","6":"selection-selection_en_new-arrivals","7":"selection-nouveau","8":"selection-selection_fr_nouvelle-collection","9":"product_brand-clarks","10":"product_cat-ballerines","11":"product_cat-chaussures-femme","12":"product_tag-ete","13":"pa_coloris-rose","14":"pa_matiere-daim-nubuck","15":"pa_sexe-femme","16":"pa_style-ballerines","17":"pa_taille-5853","18":"pa_taille-5-5","19":"pa_taille-5855","20":"pa_taille-6-5","21":"pa_taille-7-5","22":"pa_talon-3680","24":"first","25":"instock","26":"taxable","27":"shipping-taxable","28":"purchasable","29":"product-type-variable"},"acf":[],"yoast_head":"<!-- This site is optimized with the Yoast SEO plugin v27.3 - https:\/\/yoast.com\/product\/yoast-seo-wordpress\/ -->\n<title>TORHILL JANE LIGHT PINK SUEDE - La Botte Chantilly<\/title>\n<meta name=\"robots\" content=\"noindex, follow, max-snippet:-1, max-image-preview:large, max-video-preview:-1\" \/>\n<meta property=\"og:locale\" content=\"en_US\" \/>\n<meta property=\"og:type\" content=\"article\" \/>\n<meta property=\"og:title\" content=\"TORHILL JANE LIGHT PINK SUEDE - La Botte Chantilly\" \/>\n<meta property=\"og:description\" content=\"Pink suede Clarks ballet pumps\" \/>\n<meta property=\"og:url\" content=\"https:\/\/preprod.la-botte.com\/en\/product\/torhill-jane-light-pink-suede-2\/\" \/>\n<meta property=\"og:site_name\" content=\"La Botte Chantilly\" \/>\n<meta property=\"og:image\" content=\"https:\/\/preprod.la-botte.com\/wp-content\/uploads\/wpallimport\/files\/photos\/306\/306249_BD.jpg\" \/>\n\t<meta property=\"og:image:width\" content=\"1\" \/>\n\t<meta property=\"og:image:height\" content=\"1\" \/>\n\t<meta property=\"og:image:type\" content=\"image\/jpeg\" \/>\n<meta name=\"twitter:card\" content=\"summary_large_image\" \/>\n<script type=\"application\/ld+json\" class=\"yoast-schema-graph\">{\"@context\":\"https:\\\/\\\/schema.org\",\"@graph\":[{\"@type\":\"WebPage\",\"@id\":\"https:\\\/\\\/preprod.la-botte.com\\\/en\\\/product\\\/torhill-jane-light-pink-suede-2\\\/\",\"url\":\"https:\\\/\\\/preprod.la-botte.com\\\/en\\\/product\\\/torhill-jane-light-pink-suede-2\\\/\",\"name\":\"TORHILL JANE LIGHT PINK SUEDE - La Botte Chantilly\",\"isPartOf\":{\"@id\":\"https:\\\/\\\/preprod.la-botte.com\\\/en\\\/#website\"},\"primaryImageOfPage\":{\"@id\":\"https:\\\/\\\/preprod.la-botte.com\\\/en\\\/product\\\/torhill-jane-light-pink-suede-2\\\/#primaryimage\"},\"image\":{\"@id\":\"https:\\\/\\\/preprod.la-botte.com\\\/en\\\/product\\\/torhill-jane-light-pink-suede-2\\\/#primaryimage\"},\"thumbnailUrl\":\"https:\\\/\\\/preprod.la-botte.com\\\/wp-content\\\/uploads\\\/wpallimport\\\/files\\\/photos\\\/306\\\/306249_BD.jpg\",\"datePublished\":\"2026-03-30T07:01:09+00:00\",\"breadcrumb\":{\"@id\":\"https:\\\/\\\/preprod.la-botte.com\\\/en\\\/product\\\/torhill-jane-light-pink-suede-2\\\/#breadcrumb\"},\"inLanguage\":\"en-US\",\"potentialAction\":[{\"@type\":\"ReadAction\",\"target\":[\"https:\\\/\\\/preprod.la-botte.com\\\/en\\\/product\\\/torhill-jane-light-pink-suede-2\\\/\"]}]},{\"@type\":\"ImageObject\",\"inLanguage\":\"en-US\",\"@id\":\"https:\\\/\\\/preprod.la-botte.com\\\/en\\\/product\\\/torhill-jane-light-pink-suede-2\\\/#primaryimage\",\"url\":\"https:\\\/\\\/preprod.la-botte.com\\\/wp-content\\\/uploads\\\/wpallimport\\\/files\\\/photos\\\/306\\\/306249_BD.jpg\",\"contentUrl\":\"https:\\\/\\\/preprod.la-botte.com\\\/wp-content\\\/uploads\\\/wpallimport\\\/files\\\/photos\\\/306\\\/306249_BD.jpg\"},{\"@type\":\"BreadcrumbList\",\"@id\":\"https:\\\/\\\/preprod.la-botte.com\\\/en\\\/product\\\/torhill-jane-light-pink-suede-2\\\/#breadcrumb\",\"itemListElement\":[{\"@type\":\"ListItem\",\"position\":1,\"name\":\"Home\",\"item\":\"https:\\\/\\\/preprod.la-botte.com\\\/en\\\/\"},{\"@type\":\"ListItem\",\"position\":2,\"name\":\"Shop\",\"item\":\"https:\\\/\\\/preprod.la-botte.com\\\/en\\\/shop\\\/\"},{\"@type\":\"ListItem\",\"position\":3,\"name\":\"Clarks\",\"item\":\"https:\\\/\\\/preprod.la-botte.com\\\/en\\\/brand\\\/clarks\\\/\"},{\"@type\":\"ListItem\",\"position\":4,\"name\":\"TORHILL JANE LIGHT PINK SUEDE\"}]},{\"@type\":\"WebSite\",\"@id\":\"https:\\\/\\\/preprod.la-botte.com\\\/en\\\/#website\",\"url\":\"https:\\\/\\\/preprod.la-botte.com\\\/en\\\/\",\"name\":\"La Botte Chantilly\",\"description\":\"\",\"publisher\":{\"@id\":\"https:\\\/\\\/preprod.la-botte.com\\\/en\\\/#organization\"},\"potentialAction\":[{\"@type\":\"SearchAction\",\"target\":{\"@type\":\"EntryPoint\",\"urlTemplate\":\"https:\\\/\\\/preprod.la-botte.com\\\/en\\\/?s={search_term_string}\"},\"query-input\":{\"@type\":\"PropertyValueSpecification\",\"valueRequired\":true,\"valueName\":\"search_term_string\"}}],\"inLanguage\":\"en-US\"},{\"@type\":\"Organization\",\"@id\":\"https:\\\/\\\/preprod.la-botte.com\\\/en\\\/#organization\",\"name\":\"La Botte Chantilly\",\"url\":\"https:\\\/\\\/preprod.la-botte.com\\\/en\\\/\",\"logo\":{\"@type\":\"ImageObject\",\"inLanguage\":\"en-US\",\"@id\":\"https:\\\/\\\/preprod.la-botte.com\\\/en\\\/#\\\/schema\\\/logo\\\/image\\\/\",\"url\":\"https:\\\/\\\/cdn.promatec.digital\\\/la-botte\\\/wp-content\\\/uploads\\\/2025\\\/02\\\/logo-labotte.png\",\"contentUrl\":\"https:\\\/\\\/cdn.promatec.digital\\\/la-botte\\\/wp-content\\\/uploads\\\/2025\\\/02\\\/logo-labotte.png\",\"width\":600,\"height\":347,\"caption\":\"La Botte Chantilly\"},\"image\":{\"@id\":\"https:\\\/\\\/preprod.la-botte.com\\\/en\\\/#\\\/schema\\\/logo\\\/image\\\/\"}}]}<\/script>\n<!-- \/ Yoast SEO plugin. -->","yoast_head_json":{"title":"TORHILL JANE LIGHT PINK SUEDE - La Botte Chantilly","robots":{"index":"noindex","follow":"follow","max-snippet":"max-snippet:-1","max-image-preview":"max-image-preview:large","max-video-preview":"max-video-preview:-1"},"og_locale":"en_US","og_type":"article","og_title":"TORHILL JANE LIGHT PINK SUEDE - La Botte Chantilly","og_description":"Pink suede Clarks ballet pumps","og_url":"https:\/\/preprod.la-botte.com\/en\/product\/torhill-jane-light-pink-suede-2\/","og_site_name":"La Botte Chantilly","og_image":[{"url":"https:\/\/preprod.la-botte.com\/wp-content\/uploads\/wpallimport\/files\/photos\/306\/306249_BD.jpg","width":1,"height":1,"type":"image\/jpeg"}],"twitter_card":"summary_large_image","schema":{"@context":"https:\/\/schema.org","@graph":[{"@type":"WebPage","@id":"https:\/\/preprod.la-botte.com\/en\/product\/torhill-jane-light-pink-suede-2\/","url":"https:\/\/preprod.la-botte.com\/en\/product\/torhill-jane-light-pink-suede-2\/","name":"TORHILL JANE LIGHT PINK SUEDE - La Botte Chantilly","isPartOf":{"@id":"https:\/\/preprod.la-botte.com\/en\/#website"},"primaryImageOfPage":{"@id":"https:\/\/preprod.la-botte.com\/en\/product\/torhill-jane-light-pink-suede-2\/#primaryimage"},"image":{"@id":"https:\/\/preprod.la-botte.com\/en\/product\/torhill-jane-light-pink-suede-2\/#primaryimage"},"thumbnailUrl":"https:\/\/preprod.la-botte.com\/wp-content\/uploads\/wpallimport\/files\/photos\/306\/306249_BD.jpg","datePublished":"2026-03-30T07:01:09+00:00","breadcrumb":{"@id":"https:\/\/preprod.la-botte.com\/en\/product\/torhill-jane-light-pink-suede-2\/#breadcrumb"},"inLanguage":"en-US","potentialAction":[{"@type":"ReadAction","target":["https:\/\/preprod.la-botte.com\/en\/product\/torhill-jane-light-pink-suede-2\/"]}]},{"@type":"ImageObject","inLanguage":"en-US","@id":"https:\/\/preprod.la-botte.com\/en\/product\/torhill-jane-light-pink-suede-2\/#primaryimage","url":"https:\/\/preprod.la-botte.com\/wp-content\/uploads\/wpallimport\/files\/photos\/306\/306249_BD.jpg","contentUrl":"https:\/\/preprod.la-botte.com\/wp-content\/uploads\/wpallimport\/files\/photos\/306\/306249_BD.jpg"},{"@type":"BreadcrumbList","@id":"https:\/\/preprod.la-botte.com\/en\/product\/torhill-jane-light-pink-suede-2\/#breadcrumb","itemListElement":[{"@type":"ListItem","position":1,"name":"Home","item":"https:\/\/preprod.la-botte.com\/en\/"},{"@type":"ListItem","position":2,"name":"Shop","item":"https:\/\/preprod.la-botte.com\/en\/shop\/"},{"@type":"ListItem","position":3,"name":"Clarks","item":"https:\/\/preprod.la-botte.com\/en\/brand\/clarks\/"},{"@type":"ListItem","position":4,"name":"TORHILL JANE LIGHT PINK SUEDE"}]},{"@type":"WebSite","@id":"https:\/\/preprod.la-botte.com\/en\/#website","url":"https:\/\/preprod.la-botte.com\/en\/","name":"La Botte Chantilly","description":"","publisher":{"@id":"https:\/\/preprod.la-botte.com\/en\/#organization"},"potentialAction":[{"@type":"SearchAction","target":{"@type":"EntryPoint","urlTemplate":"https:\/\/preprod.la-botte.com\/en\/?s={search_term_string}"},"query-input":{"@type":"PropertyValueSpecification","valueRequired":true,"valueName":"search_term_string"}}],"inLanguage":"en-US"},{"@type":"Organization","@id":"https:\/\/preprod.la-botte.com\/en\/#organization","name":"La Botte Chantilly","url":"https:\/\/preprod.la-botte.com\/en\/","logo":{"@type":"ImageObject","inLanguage":"en-US","@id":"https:\/\/preprod.la-botte.com\/en\/#\/schema\/logo\/image\/","url":"https:\/\/cdn.promatec.digital\/la-botte\/wp-content\/uploads\/2025\/02\/logo-labotte.png","contentUrl":"https:\/\/cdn.promatec.digital\/la-botte\/wp-content\/uploads\/2025\/02\/logo-labotte.png","width":600,"height":347,"caption":"La Botte Chantilly"},"image":{"@id":"https:\/\/preprod.la-botte.com\/en\/#\/schema\/logo\/image\/"}}]}},"_links":{"self":[{"href":"https:\/\/preprod.la-botte.com\/en\/wp-json\/wp\/v2\/product\/2381347","targetHints":{"allow":["GET"]}}],"collection":[{"href":"https:\/\/preprod.la-botte.com\/en\/wp-json\/wp\/v2\/product"}],"about":[{"href":"https:\/\/preprod.la-botte.com\/en\/wp-json\/wp\/v2\/types\/product"}],"replies":[{"embeddable":true,"href":"https:\/\/preprod.la-botte.com\/en\/wp-json\/wp\/v2\/comments?post=2381347"}],"version-history":[{"count":0,"href":"https:\/\/preprod.la-botte.com\/en\/wp-json\/wp\/v2\/product\/2381347\/revisions"}],"wp:featuredmedia":[{"embeddable":true,"href":"https:\/\/preprod.la-botte.com\/en\/wp-json\/wp\/v2\/media\/1216382"}],"wp:attachment":[{"href":"https:\/\/preprod.la-botte.com\/en\/wp-json\/wp\/v2\/media?parent=2381347"}],"wp:term":[{"taxonomy":"pages-promo","embeddable":true,"href":"https:\/\/preprod.la-botte.com\/en\/wp-json\/wp\/v2\/pages-promo?post=2381347"},{"taxonomy":"selection","embeddable":true,"href":"https:\/\/preprod.la-botte.com\/en\/wp-json\/wp\/v2\/selection?post=2381347"},{"taxonomy":"product_brand","embeddable":true,"href":"https:\/\/preprod.la-botte.com\/en\/wp-json\/wp\/v2\/product_brand?post=2381347"},{"taxonomy":"product_cat","embeddable":true,"href":"https:\/\/preprod.la-botte.com\/en\/wp-json\/wp\/v2\/product_cat?post=2381347"},{"taxonomy":"product_tag","embeddable":true,"href":"https:\/\/preprod.la-botte.com\/en\/wp-json\/wp\/v2\/product_tag?post=2381347"}],"curies":[{"name":"wp","href":"https:\/\/api.w.org\/{rel}","templated":true}]}}